{"id":79,"date":"2019-05-03T15:17:31","date_gmt":"2019-05-03T19:17:31","guid":{"rendered":"http:\/\/staging.messorem.co\/?page_id=79"},"modified":"2020-07-10T09:30:08","modified_gmt":"2020-07-10T13:30:08","slug":"shop","status":"publish","type":"page","link":"https:\/\/messorem.co\/en\/shop\/","title":{"rendered":"Shop"},"content":{"rendered":"","protected":false},"excerpt":{"rendered":"","protected":false},"author":1,"featured_media":0,"parent":0,"menu_order":0,"comment_status":"closed","ping_status":"closed","template":"shop.php","meta":{"_acf_changed":false,"footnotes":""},"class_list":["post-79","page","type-page","status-publish","hentry"],"acf":[],"yoast_head":"<!-- This site is optimized with the Yoast SEO plugin v27.2 - https:\/\/yoast.com\/product\/yoast-seo-wordpress\/ -->\n<title>Shop - Messorem<\/title>\n<meta name=\"description\" content=\"Messorem Bracitorium Inc. est un projet de microbrasserie industrielle avec salon d\u00e9gustation, qui se sp\u00e9cialise dans le brassage et la conception de bi\u00e8res de types IPA, bi\u00e8res acidul\u00e9es et bi\u00e8res vieillies en barriques.\" \/>\n<meta name=\"robots\" content=\"index, follow, max-snippet:-1, max-image-preview:large, max-video-preview:-1\" \/>\n<link rel=\"canonical\" href=\"https:\/\/messorem.co\/en\/shop\/\" \/>\n<meta property=\"og:locale\" content=\"en_US\" \/>\n<meta property=\"og:type\" content=\"article\" \/>\n<meta property=\"og:title\" content=\"Shop - Messorem\" \/>\n<meta property=\"og:description\" content=\"Messorem Bracitorium Inc. est un projet de microbrasserie industrielle avec salon d\u00e9gustation, qui se sp\u00e9cialise dans le brassage et la conception de bi\u00e8res de types IPA, bi\u00e8res acidul\u00e9es et bi\u00e8res vieillies en barriques.\" \/>\n<meta property=\"og:url\" content=\"https:\/\/messorem.co\/en\/shop\/\" \/>\n<meta property=\"og:site_name\" content=\"Messorem\" \/>\n<meta property=\"article:publisher\" content=\"https:\/\/www.facebook.com\/MessoremBracitorium\/\" \/>\n<meta property=\"article:modified_time\" content=\"2020-07-10T13:30:08+00:00\" \/>\n<meta property=\"og:image\" content=\"https:\/\/messorem.co\/wp-content\/uploads\/2021\/03\/facebook-1200x628-1.png\" \/>\n\t<meta property=\"og:image:width\" content=\"1200\" \/>\n\t<meta property=\"og:image:height\" content=\"628\" \/>\n\t<meta property=\"og:image:type\" content=\"image\/png\" \/>\n<meta name=\"twitter:card\" content=\"summary_large_image\" \/>\n<script type=\"application\/ld+json\" class=\"yoast-schema-graph\">{\"@context\":\"https:\/\/schema.org\",\"@graph\":[{\"@type\":\"WebPage\",\"@id\":\"https:\/\/messorem.co\/en\/shop\/\",\"url\":\"https:\/\/messorem.co\/en\/shop\/\",\"name\":\"Shop - Messorem\",\"isPartOf\":{\"@id\":\"https:\/\/messorem.co\/#website\"},\"datePublished\":\"2019-05-03T19:17:31+00:00\",\"dateModified\":\"2020-07-10T13:30:08+00:00\",\"description\":\"Messorem Bracitorium Inc. est un projet de microbrasserie industrielle avec salon d\u00e9gustation, qui se sp\u00e9cialise dans le brassage et la conception de bi\u00e8res de types IPA, bi\u00e8res acidul\u00e9es et bi\u00e8res vieillies en barriques.\",\"breadcrumb\":{\"@id\":\"https:\/\/messorem.co\/en\/shop\/#breadcrumb\"},\"inLanguage\":\"en-US\",\"potentialAction\":[{\"@type\":\"ReadAction\",\"target\":[\"https:\/\/messorem.co\/en\/shop\/\"]}]},{\"@type\":\"BreadcrumbList\",\"@id\":\"https:\/\/messorem.co\/en\/shop\/#breadcrumb\",\"itemListElement\":[{\"@type\":\"ListItem\",\"position\":1,\"name\":\"Home\",\"item\":\"https:\/\/messorem.co\/en\/\"},{\"@type\":\"ListItem\",\"position\":2,\"name\":\"Shop\"}]},{\"@type\":\"WebSite\",\"@id\":\"https:\/\/messorem.co\/#website\",\"url\":\"https:\/\/messorem.co\/\",\"name\":\"Messorem\",\"description\":\"Just another WordPress site\",\"potentialAction\":[{\"@type\":\"SearchAction\",\"target\":{\"@type\":\"EntryPoint\",\"urlTemplate\":\"https:\/\/messorem.co\/?s={search_term_string}\"},\"query-input\":{\"@type\":\"PropertyValueSpecification\",\"valueRequired\":true,\"valueName\":\"search_term_string\"}}],\"inLanguage\":\"en-US\"}]}<\/script>\n<!-- \/ Yoast SEO plugin. -->","yoast_head_json":{"title":"Shop - Messorem","description":"Messorem Bracitorium Inc. est un projet de microbrasserie industrielle avec salon d\u00e9gustation, qui se sp\u00e9cialise dans le brassage et la conception de bi\u00e8res de types IPA, bi\u00e8res acidul\u00e9es et bi\u00e8res vieillies en barriques.","robots":{"index":"index","follow":"follow","max-snippet":"max-snippet:-1","max-image-preview":"max-image-preview:large","max-video-preview":"max-video-preview:-1"},"canonical":"https:\/\/messorem.co\/en\/shop\/","og_locale":"en_US","og_type":"article","og_title":"Shop - Messorem","og_description":"Messorem Bracitorium Inc. est un projet de microbrasserie industrielle avec salon d\u00e9gustation, qui se sp\u00e9cialise dans le brassage et la conception de bi\u00e8res de types IPA, bi\u00e8res acidul\u00e9es et bi\u00e8res vieillies en barriques.","og_url":"https:\/\/messorem.co\/en\/shop\/","og_site_name":"Messorem","article_publisher":"https:\/\/www.facebook.com\/MessoremBracitorium\/","article_modified_time":"2020-07-10T13:30:08+00:00","og_image":[{"width":1200,"height":628,"url":"https:\/\/messorem.co\/wp-content\/uploads\/2021\/03\/facebook-1200x628-1.png","type":"image\/png"}],"twitter_card":"summary_large_image","schema":{"@context":"https:\/\/schema.org","@graph":[{"@type":"WebPage","@id":"https:\/\/messorem.co\/en\/shop\/","url":"https:\/\/messorem.co\/en\/shop\/","name":"Shop - Messorem","isPartOf":{"@id":"https:\/\/messorem.co\/#website"},"datePublished":"2019-05-03T19:17:31+00:00","dateModified":"2020-07-10T13:30:08+00:00","description":"Messorem Bracitorium Inc. est un projet de microbrasserie industrielle avec salon d\u00e9gustation, qui se sp\u00e9cialise dans le brassage et la conception de bi\u00e8res de types IPA, bi\u00e8res acidul\u00e9es et bi\u00e8res vieillies en barriques.","breadcrumb":{"@id":"https:\/\/messorem.co\/en\/shop\/#breadcrumb"},"inLanguage":"en-US","potentialAction":[{"@type":"ReadAction","target":["https:\/\/messorem.co\/en\/shop\/"]}]},{"@type":"BreadcrumbList","@id":"https:\/\/messorem.co\/en\/shop\/#breadcrumb","itemListElement":[{"@type":"ListItem","position":1,"name":"Home","item":"https:\/\/messorem.co\/en\/"},{"@type":"ListItem","position":2,"name":"Shop"}]},{"@type":"WebSite","@id":"https:\/\/messorem.co\/#website","url":"https:\/\/messorem.co\/","name":"Messorem","description":"Just another WordPress site","potentialAction":[{"@type":"SearchAction","target":{"@type":"EntryPoint","urlTemplate":"https:\/\/messorem.co\/?s={search_term_string}"},"query-input":{"@type":"PropertyValueSpecification","valueRequired":true,"valueName":"search_term_string"}}],"inLanguage":"en-US"}]}},"_links":{"self":[{"href":"https:\/\/messorem.co\/en\/wp-json\/wp\/v2\/pages\/79","targetHints":{"allow":["GET"]}}],"collection":[{"href":"https:\/\/messorem.co\/en\/wp-json\/wp\/v2\/pages"}],"about":[{"href":"https:\/\/messorem.co\/en\/wp-json\/wp\/v2\/types\/page"}],"author":[{"embeddable":true,"href":"https:\/\/messorem.co\/en\/wp-json\/wp\/v2\/users\/1"}],"replies":[{"embeddable":true,"href":"https:\/\/messorem.co\/en\/wp-json\/wp\/v2\/comments?post=79"}],"version-history":[{"count":0,"href":"https:\/\/messorem.co\/en\/wp-json\/wp\/v2\/pages\/79\/revisions"}],"wp:attachment":[{"href":"https:\/\/messorem.co\/en\/wp-json\/wp\/v2\/media?parent=79"}],"curies":[{"name":"wp","href":"https:\/\/api.w.org\/{rel}","templated":true}]}}